{"id":88,"date":"2025-12-28T20:38:24","date_gmt":"2025-12-28T20:38:24","guid":{"rendered":"https:\/\/www.comptes.es\/?page_id=88"},"modified":"2025-12-28T20:40:25","modified_gmt":"2025-12-28T20:40:25","slug":"fiscal","status":"publish","type":"page","link":"https:\/\/www.comptes.es\/index.php\/fiscal\/","title":{"rendered":"FISCAL"},"content":{"rendered":"\n<p><\/p>\n\n\n\n<p>Asesoramos a nuestros clientes en la constituci\u00f3n de sociedades valorando la opci\u00f3n que m\u00e1s les interesa, les preparamos y presentamos todos los impresos fiscales que les son obligatorios y requeridos por la Agencia Tributaria y, adem\u00e1s, les informamos de todas las novedades fiscales que sean de su inter\u00e9s..<br><br><br><br><br><br><br><br><\/p>\n","protected":false},"excerpt":{"rendered":"<p>Asesoramos a nuestros clientes en la constituci\u00f3n de sociedades valorando la opci\u00f3n que m\u00e1s les interesa, les preparamos y presentamos todos los impresos fiscales que les son obligatorios y requeridos por la Agencia Tributaria y, adem\u00e1s, les informamos de todas las novedades fiscales que sean de su inter\u00e9s..<\/p>\n","protected":false},"author":1,"featured_media":0,"parent":0,"menu_order":0,"comment_status":"closed","ping_status":"closed","template":"","meta":{"footnotes":""},"class_list":["post-88","page","type-page","status-publish","hentry"],"_links":{"self":[{"href":"https:\/\/www.comptes.es\/index.php\/wp-json\/wp\/v2\/pages\/88","targetHints":{"allow":["GET"]}}],"collection":[{"href":"https:\/\/www.comptes.es\/index.php\/wp-json\/wp\/v2\/pages"}],"about":[{"href":"https:\/\/www.comptes.es\/index.php\/wp-json\/wp\/v2\/types\/page"}],"author":[{"embeddable":true,"href":"https:\/\/www.comptes.es\/index.php\/wp-json\/wp\/v2\/users\/1"}],"replies":[{"embeddable":true,"href":"https:\/\/www.comptes.es\/index.php\/wp-json\/wp\/v2\/comments?post=88"}],"version-history":[{"count":2,"href":"https:\/\/www.comptes.es\/index.php\/wp-json\/wp\/v2\/pages\/88\/revisions"}],"predecessor-version":[{"id":91,"href":"https:\/\/www.comptes.es\/index.php\/wp-json\/wp\/v2\/pages\/88\/revisions\/91"}],"wp:attachment":[{"href":"https:\/\/www.comptes.es\/index.php\/wp-json\/wp\/v2\/media?parent=88"}],"curies":[{"name":"wp","href":"https:\/\/api.w.org\/{rel}","templated":true}]}}