{"id":78,"date":"2025-12-28T20:13:20","date_gmt":"2025-12-28T20:13:20","guid":{"rendered":"https:\/\/www.comptes.es\/index.php\/seguros\/"},"modified":"2026-01-08T18:31:41","modified_gmt":"2026-01-08T18:31:41","slug":"seguros","status":"publish","type":"page","link":"https:\/\/www.comptes.es\/index.php\/seguros\/","title":{"rendered":"SEGUROS"},"content":{"rendered":"\n<p>Somos mediadores de Uni\u00f3n Alcoyana desde hace m\u00e1s de 20 a\u00f1os, por los cuales ofrecemos un servicio especifico para cada caso particularmente;<\/p>\n\n\n\n<p>Para ti        <img loading=\"lazy\" decoding=\"async\" width=\"150\" height=\"65\" class=\"wp-image-26\" style=\"width: 150px;\" src=\"https:\/\/www.comptes.es\/wp-content\/uploads\/2025\/12\/logo-union-alcoyana.png\" alt=\"\" srcset=\"https:\/\/www.comptes.es\/wp-content\/uploads\/2025\/12\/logo-union-alcoyana.png 394w, https:\/\/www.comptes.es\/wp-content\/uploads\/2025\/12\/logo-union-alcoyana-300x130.png 300w\" sizes=\"auto, (max-width: 150px) 100vw, 150px\" \/><\/p>\n\n\n\n<p>Protege lo que m\u00e1s te importa, tu seguridad y la de los tuyos&nbsp;<\/p>\n\n\n\n<p><a href=\"https:\/\/unionalcoyana.com\/seguros-coches\">Seguros de Coche<\/a><\/p>\n\n\n\n<p><a href=\"https:\/\/unionalcoyana.com\/seguro-hogar\">Seguros de hogar<\/a><\/p>\n\n\n\n<p><a href=\"https:\/\/unionalcoyana.com\/seguro-de-coche-electrico\">Seguros de Coche el\u00e9ctrico<\/a><\/p>\n\n\n\n<p><a href=\"https:\/\/unionalcoyana.com\/seguro-responsabilidad-civil\">Seguro de responsabilidad civil<\/a><\/p>\n\n\n\n<p><a href=\"https:\/\/unionalcoyana.com\/seguros-de-decesos\">Seguros de decesos<\/a><\/p>\n\n\n\n<p><a href=\"https:\/\/unionalcoyana.com\/seguro-accidentes\">Seguro de accidentes<\/a><\/p>\n\n\n\n<p><a href=\"https:\/\/unionalcoyana.com\/seguro-motos\">Seguros de moto<\/a><\/p>\n\n\n\n<p><a href=\"https:\/\/unionalcoyana.com\/seguro-deportistas\">Seguro de deportistas<\/a><\/p>\n\n\n\n<p><a href=\"https:\/\/unionalcoyana.com\/seguro-bicicletas\">Seguro de bicicletas<\/a><\/p>\n\n\n\n<p><a href=\"https:\/\/unionalcoyana.com\/seguro-embarcaciones\">Seguro de embarcaciones<\/a><\/p>\n\n\n\n<p><a href=\"https:\/\/unionalcoyana.com\/seguros-cazadores\">Seguro de cazadores<\/a><\/p>\n\n\n\n<p><a href=\"https:\/\/unionalcoyana.com\/seguro-incendios\">Seguro de incendios<\/a><\/p>\n\n\n\n<p><\/p>\n\n\n\n<p>Para tu negocio   <img loading=\"lazy\" decoding=\"async\" width=\"150\" height=\"65\" class=\"wp-image-26\" style=\"width: 150px;\" src=\"https:\/\/www.comptes.es\/wp-content\/uploads\/2025\/12\/logo-union-alcoyana.png\" alt=\"\" srcset=\"https:\/\/www.comptes.es\/wp-content\/uploads\/2025\/12\/logo-union-alcoyana.png 394w, https:\/\/www.comptes.es\/wp-content\/uploads\/2025\/12\/logo-union-alcoyana-300x130.png 300w\" sizes=\"auto, (max-width: 150px) 100vw, 150px\" \/><\/p>\n\n\n\n<p>Protege tu negocio y tu patrimonio con nuestros seguros empresariales&nbsp;<\/p>\n\n\n\n<p><a href=\"https:\/\/unionalcoyana.com\/seguro-comercio\">Seguro de comercio<\/a><\/p>\n\n\n\n<p><a href=\"https:\/\/unionalcoyana.com\/seguro-pyme\">Seguro para pyme<\/a><\/p>\n\n\n\n<p><a href=\"https:\/\/unionalcoyana.com\/seguro-comunidades\">Seguro de comunidades<\/a><\/p>\n\n\n\n<p><a href=\"https:\/\/unionalcoyana.com\/seguro-transportes-mercancias\">Seguro de transportes<\/a><\/p>\n\n\n\n<p><a href=\"https:\/\/unionalcoyana.com\/seguro-responsabilidad-civil\">Seguro de responsabilidad civil<\/a><\/p>\n\n\n\n<p><a href=\"https:\/\/unionalcoyana.com\/seguro-ciber\">Seguro de ciber<\/a><\/p>\n\n\n\n<p><a href=\"https:\/\/unionalcoyana.com\/seguro-accidentes\">Seguro de accidentes<\/a><\/p>\n\n\n\n<p><a href=\"https:\/\/unionalcoyana.com\/seguro-incendios\">Seguro de incendios<\/a><\/p>\n\n\n\n<p><a href=\"https:\/\/unionalcoyana.com\/seguro-construccion\">Seguro de construcci\u00f3n<\/a><\/p>\n\n\n\n<p><a href=\"https:\/\/unionalcoyana.com\/seguro-decenal\">Seguro de decenal<\/a><\/p>\n\n\n\n<p><a href=\"https:\/\/unionalcoyana.com\/seguros-coches\">Seguros de Coche<\/a><\/p>\n\n\n\n<p><a href=\"https:\/\/unionalcoyana.com\/seguro-de-coche-electrico\">Seguros de Coche el\u00e9ctrico<\/a><\/p>\n\n\n\n<p><\/p>\n","protected":false},"excerpt":{"rendered":"<p>Somos mediadores de Uni\u00f3n Alcoyana desde hace m\u00e1s de 20 a\u00f1os, por los cuales ofrecemos un servicio especifico para cada caso particularmente; Para ti Protege lo que m\u00e1s te importa, tu seguridad y la de los tuyos&nbsp; Seguros de Coche Seguros de hogar Seguros de Coche el\u00e9ctrico Seguro de responsabilidad civil Seguros de decesos Seguro [&hellip;]<\/p>\n","protected":false},"author":1,"featured_media":0,"parent":0,"menu_order":0,"comment_status":"closed","ping_status":"closed","template":"","meta":{"footnotes":""},"class_list":["post-78","page","type-page","status-publish","hentry"],"_links":{"self":[{"href":"https:\/\/www.comptes.es\/index.php\/wp-json\/wp\/v2\/pages\/78","targetHints":{"allow":["GET"]}}],"collection":[{"href":"https:\/\/www.comptes.es\/index.php\/wp-json\/wp\/v2\/pages"}],"about":[{"href":"https:\/\/www.comptes.es\/index.php\/wp-json\/wp\/v2\/types\/page"}],"author":[{"embeddable":true,"href":"https:\/\/www.comptes.es\/index.php\/wp-json\/wp\/v2\/users\/1"}],"replies":[{"embeddable":true,"href":"https:\/\/www.comptes.es\/index.php\/wp-json\/wp\/v2\/comments?post=78"}],"version-history":[{"count":3,"href":"https:\/\/www.comptes.es\/index.php\/wp-json\/wp\/v2\/pages\/78\/revisions"}],"predecessor-version":[{"id":175,"href":"https:\/\/www.comptes.es\/index.php\/wp-json\/wp\/v2\/pages\/78\/revisions\/175"}],"wp:attachment":[{"href":"https:\/\/www.comptes.es\/index.php\/wp-json\/wp\/v2\/media?parent=78"}],"curies":[{"name":"wp","href":"https:\/\/api.w.org\/{rel}","templated":true}]}}