{"id":77,"date":"2025-12-28T20:13:10","date_gmt":"2025-12-28T20:13:10","guid":{"rendered":"https:\/\/www.comptes.es\/index.php\/gestoria\/"},"modified":"2025-12-28T20:40:44","modified_gmt":"2025-12-28T20:40:44","slug":"gestoria","status":"publish","type":"page","link":"https:\/\/www.comptes.es\/index.php\/gestoria\/","title":{"rendered":"GESTORIA"},"content":{"rendered":"\n<p>En la asesor\u00eda les ofrecemos todos los servicios que abarca el campo de la gestor\u00eda mediante la colaboraci\u00f3n con una empresa especializada externa.<br><br><br><br><br><br><br><\/p>\n","protected":false},"excerpt":{"rendered":"<p>En la asesor\u00eda les ofrecemos todos los servicios que abarca el campo de la gestor\u00eda mediante la colaboraci\u00f3n con una empresa especializada externa.<\/p>\n","protected":false},"author":1,"featured_media":0,"parent":0,"menu_order":0,"comment_status":"closed","ping_status":"closed","template":"","meta":{"footnotes":""},"class_list":["post-77","page","type-page","status-publish","hentry"],"_links":{"self":[{"href":"https:\/\/www.comptes.es\/index.php\/wp-json\/wp\/v2\/pages\/77","targetHints":{"allow":["GET"]}}],"collection":[{"href":"https:\/\/www.comptes.es\/index.php\/wp-json\/wp\/v2\/pages"}],"about":[{"href":"https:\/\/www.comptes.es\/index.php\/wp-json\/wp\/v2\/types\/page"}],"author":[{"embeddable":true,"href":"https:\/\/www.comptes.es\/index.php\/wp-json\/wp\/v2\/users\/1"}],"replies":[{"embeddable":true,"href":"https:\/\/www.comptes.es\/index.php\/wp-json\/wp\/v2\/comments?post=77"}],"version-history":[{"count":1,"href":"https:\/\/www.comptes.es\/index.php\/wp-json\/wp\/v2\/pages\/77\/revisions"}],"predecessor-version":[{"id":92,"href":"https:\/\/www.comptes.es\/index.php\/wp-json\/wp\/v2\/pages\/77\/revisions\/92"}],"wp:attachment":[{"href":"https:\/\/www.comptes.es\/index.php\/wp-json\/wp\/v2\/media?parent=77"}],"curies":[{"name":"wp","href":"https:\/\/api.w.org\/{rel}","templated":true}]}}