{"id":76,"date":"2025-12-28T20:12:27","date_gmt":"2025-12-28T20:12:27","guid":{"rendered":"https:\/\/www.comptes.es\/index.php\/mercantil\/"},"modified":"2025-12-28T20:42:38","modified_gmt":"2025-12-28T20:42:38","slug":"mercantil","status":"publish","type":"page","link":"https:\/\/www.comptes.es\/index.php\/mercantil\/","title":{"rendered":"JUR\u00cdDICO-MERCANTIL"},"content":{"rendered":"\n<h4 class=\"wp-block-heading\">TRIBUTARIO<\/h4>\n\n\n\n<p>El peso del departamento tributario asesoramos de manera ininterrumpida tanto a empresas como a personas f\u00edsicas.<br><\/p>\n\n\n\n<p>Dada la relevancia de la tributaci\u00f3n en nuestro pa\u00eds, todas las \u00e1reas de pr\u00e1ctica se encuentran interrelacionadas entre ellas, y todas y cada una pasan por el departamento de Derecho Tributario con el fin de un buen asesoramiento jur\u00eddico.<\/p>\n\n\n\n<p>La dimensi\u00f3n de este departamento es ampl\u00edsima, siendo una de las piezas clave y con mayor trayectoria de nuestro despacho.<\/p>\n\n\n\n<ul class=\"wp-block-list\">\n<li>fiscalidad general: Impuesto renta, IVA, Sociedades, Sucesiones<\/li>\n\n\n\n<li>Procedimientos tributarios:\n<ul class=\"wp-block-list\">\n<li>Administrativos, responsabilidad solidaria y subsidiaria, responsabilidad de administradores, derecho sancionador tributario.<\/li>\n\n\n\n<li>Reclamaciones econ\u00f3mico-administrativa y recursos contencioso-administrativo.<\/li>\n\n\n\n<li>Delito fiscal.<\/li>\n<\/ul>\n<\/li>\n<\/ul>\n\n\n\n<h4 class=\"wp-block-heading\">MERCANTIL<\/h4>\n\n\n\n<p>El Derecho Mercantil nace del mercado, y dada la gran envergadura de empresas a las que asesora este despacho, es una de las ramas con mayor volumen y consecuentemente mayor desarrollo jur\u00eddico.<\/p>\n\n\n\n<p>Contamos con grandes expertos mercantilistas que llevan d\u00e9cadas asesorando a sociedades y d\u00e1ndoles soluciones a las necesidades legales de la vida social.<\/p>\n\n\n\n<ul class=\"wp-block-list\">\n<li>Contrataci\u00f3n.<\/li>\n\n\n\n<li>Derecho societario.<\/li>\n\n\n\n<li>Derecho de la competencia.<\/li>\n\n\n\n<li>Derecho del seguro.<\/li>\n<\/ul>\n","protected":false},"excerpt":{"rendered":"<p>TRIBUTARIO El peso del departamento tributario asesoramos de manera ininterrumpida tanto a empresas como a personas f\u00edsicas. Dada la relevancia de la tributaci\u00f3n en nuestro pa\u00eds, todas las \u00e1reas de pr\u00e1ctica se encuentran interrelacionadas entre ellas, y todas y cada una pasan por el departamento de Derecho Tributario con el fin de un buen asesoramiento [&hellip;]<\/p>\n","protected":false},"author":1,"featured_media":0,"parent":0,"menu_order":0,"comment_status":"closed","ping_status":"closed","template":"","meta":{"footnotes":""},"class_list":["post-76","page","type-page","status-publish","hentry"],"_links":{"self":[{"href":"https:\/\/www.comptes.es\/index.php\/wp-json\/wp\/v2\/pages\/76","targetHints":{"allow":["GET"]}}],"collection":[{"href":"https:\/\/www.comptes.es\/index.php\/wp-json\/wp\/v2\/pages"}],"about":[{"href":"https:\/\/www.comptes.es\/index.php\/wp-json\/wp\/v2\/types\/page"}],"author":[{"embeddable":true,"href":"https:\/\/www.comptes.es\/index.php\/wp-json\/wp\/v2\/users\/1"}],"replies":[{"embeddable":true,"href":"https:\/\/www.comptes.es\/index.php\/wp-json\/wp\/v2\/comments?post=76"}],"version-history":[{"count":1,"href":"https:\/\/www.comptes.es\/index.php\/wp-json\/wp\/v2\/pages\/76\/revisions"}],"predecessor-version":[{"id":93,"href":"https:\/\/www.comptes.es\/index.php\/wp-json\/wp\/v2\/pages\/76\/revisions\/93"}],"wp:attachment":[{"href":"https:\/\/www.comptes.es\/index.php\/wp-json\/wp\/v2\/media?parent=76"}],"curies":[{"name":"wp","href":"https:\/\/api.w.org\/{rel}","templated":true}]}}