{"id":58,"date":"2025-12-18T20:20:26","date_gmt":"2025-12-18T20:20:26","guid":{"rendered":"https:\/\/www.comptes.es\/index.php\/contact-theme\/"},"modified":"2026-01-15T20:31:58","modified_gmt":"2026-01-15T20:31:58","slug":"contact-theme","status":"publish","type":"page","link":"https:\/\/www.comptes.es\/index.php\/contact-theme\/","title":{"rendered":""},"content":{"rendered":"\n<div class=\"wp-block-group alignfull is-layout-flow wp-block-group-is-layout-flow\">\n<div class=\"wp-block-group alignfull has-background-secondary-background-color has-background has-global-padding is-layout-constrained wp-container-core-group-is-layout-fff16f96 wp-block-group-is-layout-constrained\" style=\"padding-top:var(--wp--preset--spacing--superbspacing-xxlarge);padding-right:var(--wp--preset--spacing--superbspacing-small);padding-bottom:var(--wp--preset--spacing--superbspacing-xxlarge);padding-left:var(--wp--preset--spacing--superbspacing-small)\">\n<div class=\"wp-block-group alignwide has-global-padding is-layout-constrained wp-container-core-group-is-layout-aaf5fa99 wp-block-group-is-layout-constrained\">\n<h2 class=\"wp-block-heading has-text-align-center has-primary-color has-text-color has-superbfont-xxsmall-font-size\" style=\"font-style:normal;font-weight:700;letter-spacing:5px;text-transform:uppercase\">Contacta con nosotros<\/h2>\n\n\n\n<h2 class=\"wp-block-heading has-text-align-center has-contrast-color has-text-color has-superbfont-xlarge-font-size\">Asesoramiento individualizado<\/h2>\n\n\n\n<p class=\"has-text-align-center has-secondary-color has-text-color has-superbfont-small-font-size\">Le asignaremos una cita para una atenci\u00f3n individualizada, detectaremos lo que necesitas y explicaremos para que se tome la mejor decisi\u00f3n profesional posible&#8230;<\/p>\n<\/div>\n\n\n\n<div class=\"wp-block-columns alignwide is-layout-flex wp-container-core-columns-is-layout-a3ac60a9 wp-block-columns-is-layout-flex\" style=\"border-radius:0px;padding-top:0;padding-right:0;padding-bottom:0;padding-left:0\">\n<div class=\"wp-block-column is-vertically-aligned-center is-layout-flow wp-container-core-column-is-layout-cfb182f8 wp-block-column-is-layout-flow\" style=\"padding-top:0;padding-right:0;padding-bottom:0;padding-left:0\">\n<div class=\"wp-block-group has-global-padding is-layout-constrained wp-block-group-is-layout-constrained\">\n<div class=\"wp-block-group has-border-color has-mono-3-border-color has-base-background-color has-background has-global-padding is-content-justification-left is-layout-constrained wp-container-core-group-is-layout-d71199d7 wp-block-group-is-layout-constrained\" style=\"border-width:1px;border-radius:16px;padding-top:var(--wp--preset--spacing--superbspacing-xsmall);padding-right:var(--wp--preset--spacing--superbspacing-xsmall);padding-bottom:var(--wp--preset--spacing--superbspacing-xsmall);padding-left:var(--wp--preset--spacing--superbspacing-xsmall)\">\n<div class=\"wp-block-group has-global-padding is-content-justification-left is-layout-constrained wp-container-core-group-is-layout-12dd3699 wp-block-group-is-layout-constrained\">\n<figure class=\"wp-block-image size-large is-resized\"><img decoding=\"async\" src=\"https:\/\/www.comptes.es\/wp-content\/uploads\/2026\/01\/icon-email.png\" alt=\"\" style=\"width:32px;height:32px\"\/><\/figure>\n<\/div>\n\n\n\n<div class=\"wp-block-group has-global-padding is-layout-constrained wp-block-group-is-layout-constrained\">\n<h3 class=\"wp-block-heading has-text-align-left has-contrast-color has-text-color has-superbfont-xsmall-font-size\">Email<\/h3>\n<\/div>\n\n\n\n<p class=\"has-text-align-left\"><a href=\"mailto:comptes@comptes.es\">comptes@comptes.es<\/a><\/p>\n\n\n\n<p><\/p>\n<\/div>\n<\/div>\n<\/div>\n\n\n\n<div class=\"wp-block-column is-vertically-aligned-center is-layout-flow wp-container-core-column-is-layout-eef95d05 wp-block-column-is-layout-flow\" style=\"padding-top:0px;padding-right:0px;padding-bottom:0px;padding-left:0px\">\n<div class=\"wp-block-group has-global-padding is-layout-constrained wp-block-group-is-layout-constrained\">\n<div class=\"wp-block-group has-border-color has-mono-3-border-color has-base-background-color has-background has-global-padding is-content-justification-left is-layout-constrained wp-container-core-group-is-layout-a844a75b wp-block-group-is-layout-constrained\" style=\"border-width:1px;border-radius:16px;margin-top:0;margin-bottom:0;padding-top:var(--wp--preset--spacing--superbspacing-xsmall);padding-right:var(--wp--preset--spacing--superbspacing-xsmall);padding-bottom:var(--wp--preset--spacing--superbspacing-xsmall);padding-left:var(--wp--preset--spacing--superbspacing-xsmall)\">\n<div class=\"wp-block-group has-global-padding is-content-justification-left is-layout-constrained wp-container-core-group-is-layout-12dd3699 wp-block-group-is-layout-constrained\">\n<figure class=\"wp-block-image size-large is-resized\"><img decoding=\"async\" src=\"https:\/\/www.comptes.es\/wp-content\/uploads\/2026\/01\/icon-phone-call.png\" alt=\"\" style=\"width:32px;height:32px\"\/><\/figure>\n<\/div>\n\n\n\n<h3 class=\"wp-block-heading has-text-align-left has-contrast-color has-text-color has-superbfont-xsmall-font-size\">Tel\u00e9fono Contacto<\/h3>\n\n\n\n<p class=\"has-secondary-color has-text-color has-superbfont-small-font-size\"><a href=\"tel:965583651\">96 558 36 51<\/a><\/p>\n\n\n\n<p><\/p>\n<\/div>\n<\/div>\n<\/div>\n<\/div>\n\n\n\n<div class=\"wp-block-group has-border-color has-mono-3-border-color has-base-background-color has-background has-global-padding is-content-justification-center is-layout-constrained wp-container-core-group-is-layout-0e170eac wp-block-group-is-layout-constrained\" style=\"border-width:1px;border-radius:16px;padding-top:var(--wp--preset--spacing--superbspacing-xsmall);padding-right:var(--wp--preset--spacing--superbspacing-xsmall);padding-bottom:var(--wp--preset--spacing--superbspacing-xsmall);padding-left:var(--wp--preset--spacing--superbspacing-xsmall)\">\n<div class=\"wp-block-group has-global-padding is-content-justification-left is-layout-constrained wp-container-core-group-is-layout-12dd3699 wp-block-group-is-layout-constrained\">\n<figure class=\"wp-block-image size-large is-resized\"><img decoding=\"async\" src=\"https:\/\/www.comptes.es\/wp-content\/uploads\/2026\/01\/icon-push-pin-simple.png\" alt=\"\" style=\"width:32px;height:32px\"\/><\/figure>\n<\/div>\n\n\n\n<h3 class=\"wp-block-heading has-text-align-left has-contrast-color has-text-color has-superbfont-xsmall-font-size\">Direcci\u00f3n Despacho<\/h3>\n\n\n\n<p class=\"has-secondary-color has-text-color has-superbfont-small-font-size\"><a href=\"https:\/\/www.comptes.es\/index.php\/localizacion\/\" data-type=\"page\" data-id=\"138\">Avda Fontilles  NUM 11 03790 Orba<\/a><\/p>\n<\/div>\n\n\n\n<div class=\"forminator-ui forminator-custom-form forminator-custom-form-208 forminator-design--default  forminator_ajax\" data-forminator-render=\"0\" data-form=\"forminator-module-208\" data-uid=\"69fb6a04bda4e\"><br\/><\/div><form\n\t\t\t\tid=\"forminator-module-208\"\n\t\t\t\tclass=\"forminator-ui forminator-custom-form forminator-custom-form-208 forminator-design--default  forminator_ajax\"\n\t\t\t\tmethod=\"post\"\n\t\t\t\tdata-forminator-render=\"0\"\n\t\t\t\tdata-form-id=\"208\"\n\t\t\t\t data-color-option=\"default\" data-design=\"default\" data-grid=\"open\" style=\"display: none;\"\n\t\t\t\tdata-uid=\"69fb6a04bda4e\"\n\t\t\t><div role=\"alert\" aria-live=\"polite\" class=\"forminator-response-message forminator-error\" aria-hidden=\"true\"><\/div><div class=\"forminator-row\"><div id=\"text-1\" class=\"forminator-field-text forminator-col forminator-col-12 \"><div class=\"forminator-field\"><label for=\"forminator-field-text-1_69fb6a04bda4e\" id=\"forminator-field-text-1_69fb6a04bda4e-label\" class=\"forminator-label\">Tu nombre <span class=\"forminator-required\">*<\/span><\/label><input type=\"text\" name=\"text-1\" value=\"\" placeholder=\"\" id=\"forminator-field-text-1_69fb6a04bda4e\" class=\"forminator-input forminator-name--field\" data-required=\"1\" \/><\/div><\/div><\/div><div class=\"forminator-row\"><div id=\"email-1\" class=\"forminator-field-email forminator-col forminator-col-12 \"><div class=\"forminator-field\"><label for=\"forminator-field-email-1_69fb6a04bda4e\" id=\"forminator-field-email-1_69fb6a04bda4e-label\" class=\"forminator-label\">Tu correo electr\u00f3nico <span class=\"forminator-required\">*<\/span><\/label><input type=\"email\" name=\"email-1\" value=\"\" placeholder=\"\" id=\"forminator-field-email-1_69fb6a04bda4e\" class=\"forminator-input forminator-email--field\" data-required=\"1\" aria-required=\"true\" autocomplete=\"email\" \/><\/div><\/div><\/div><div class=\"forminator-row\"><div id=\"text-2\" class=\"forminator-field-text forminator-col forminator-col-12 \"><div class=\"forminator-field\"><label for=\"forminator-field-text-2_69fb6a04bda4e\" id=\"forminator-field-text-2_69fb6a04bda4e-label\" class=\"forminator-label\">Asunto <span class=\"forminator-required\">*<\/span><\/label><input type=\"text\" name=\"text-2\" value=\"\" placeholder=\"\" id=\"forminator-field-text-2_69fb6a04bda4e\" class=\"forminator-input forminator-name--field\" data-required=\"1\" \/><\/div><\/div><\/div><div class=\"forminator-row\"><div id=\"textarea-1\" class=\"forminator-field-textarea forminator-col forminator-col-12 \"><div class=\"forminator-field\"><label for=\"forminator-field-textarea-1_69fb6a04bda4e\" id=\"forminator-field-textarea-1_69fb6a04bda4e-label\" class=\"forminator-label\">Tu mensaje (opcional)<\/label><textarea name=\"textarea-1\" placeholder=\"\" id=\"forminator-field-textarea-1_69fb6a04bda4e\" class=\"forminator-textarea\" rows=\"6\" style=\"min-height:140px;\" ><\/textarea><\/div><\/div><\/div><div class=\"forminator-row\"><div id=\"radio-1\" class=\"forminator-field-radio forminator-col forminator-col-12 \"><div role=\"radiogroup\" class=\"forminator-field\" aria-labelledby=\"forminator-radiogroup-radio-1-69fb6a04bda4e-label\"><label id=\"forminator-field-radio-1-label-1\" for=\"forminator-field-radio-1-1-69fb6a04bda4e\" class=\"forminator-radio\" title=\"+ Informaci\u00f3n\"><input type=\"radio\" name=\"radio-1\" value=\"+ Informaci\u00f3n\" id=\"forminator-field-radio-1-1-69fb6a04bda4e\" aria-labelledby=\"forminator-field-radio-1-label-1\" data-calculation=\"0\"  \/><span class=\"forminator-radio-bullet\" aria-hidden=\"true\"><\/span><span class=\"forminator-radio-label\">+ Informaci\u00f3n<\/span><\/label><label id=\"forminator-field-radio-1-label-2\" for=\"forminator-field-radio-1-2-69fb6a04bda4e\" class=\"forminator-radio\" title=\"Cita con Asesor\"><input type=\"radio\" name=\"radio-1\" value=\"Cita con Asesor\" id=\"forminator-field-radio-1-2-69fb6a04bda4e\" aria-labelledby=\"forminator-field-radio-1-label-2\" data-calculation=\"0\"  \/><span class=\"forminator-radio-bullet\" aria-hidden=\"true\"><\/span><span class=\"forminator-radio-label\">Cita con Asesor<\/span><\/label><label id=\"forminator-field-radio-1-label-3\" for=\"forminator-field-radio-1-3-69fb6a04bda4e\" class=\"forminator-radio\" title=\"Presupuesto\"><input type=\"radio\" name=\"radio-1\" value=\"Presupuesto\" id=\"forminator-field-radio-1-3-69fb6a04bda4e\" aria-labelledby=\"forminator-field-radio-1-label-3\" data-calculation=\"0\"  \/><span class=\"forminator-radio-bullet\" aria-hidden=\"true\"><\/span><span class=\"forminator-radio-label\">Presupuesto<\/span><\/label><\/div><\/div><\/div><input type=\"hidden\" name=\"referer_url\" value=\"\" \/><div class=\"forminator-row forminator-row-last\"><div class=\"forminator-col\"><div class=\"forminator-field\"><button class=\"forminator-button forminator-button-submit\">Enviar<\/button><\/div><\/div><\/div><input type=\"hidden\" id=\"forminator_nonce\" name=\"forminator_nonce\" value=\"f4be64cf42\" \/><input type=\"hidden\" name=\"_wp_http_referer\" value=\"\/index.php\/wp-json\/wp\/v2\/pages\/58\" \/><input type=\"hidden\" name=\"form_id\" value=\"208\"><input type=\"hidden\" name=\"page_id\" value=\"58\"><input type=\"hidden\" name=\"form_type\" value=\"default\"><input type=\"hidden\" name=\"current_url\" value=\"https:\/\/www.comptes.es\/index.php\/contact-theme\/\"><input type=\"hidden\" name=\"render_id\" value=\"0\"><input type=\"hidden\" name=\"action\" value=\"forminator_submit_form_custom-forms\"><\/form>\n<\/div>\n<\/div>\n\n\n","protected":false},"excerpt":{"rendered":"<p>Contacta con nosotros Asesoramiento individualizado Le asignaremos una cita para una atenci\u00f3n individualizada, detectaremos lo que necesitas y explicaremos para que se tome la mejor decisi\u00f3n profesional posible&#8230; Email comptes@comptes.es Tel\u00e9fono Contacto 96 558 36 51 Direcci\u00f3n Despacho Avda Fontilles NUM 11 03790 Orba<\/p>\n","protected":false},"author":1,"featured_media":0,"parent":0,"menu_order":0,"comment_status":"closed","ping_status":"closed","template":"","meta":{"footnotes":""},"class_list":["post-58","page","type-page","status-publish","hentry"],"_links":{"self":[{"href":"https:\/\/www.comptes.es\/index.php\/wp-json\/wp\/v2\/pages\/58","targetHints":{"allow":["GET"]}}],"collection":[{"href":"https:\/\/www.comptes.es\/index.php\/wp-json\/wp\/v2\/pages"}],"about":[{"href":"https:\/\/www.comptes.es\/index.php\/wp-json\/wp\/v2\/types\/page"}],"author":[{"embeddable":true,"href":"https:\/\/www.comptes.es\/index.php\/wp-json\/wp\/v2\/users\/1"}],"replies":[{"embeddable":true,"href":"https:\/\/www.comptes.es\/index.php\/wp-json\/wp\/v2\/comments?post=58"}],"version-history":[{"count":15,"href":"https:\/\/www.comptes.es\/index.php\/wp-json\/wp\/v2\/pages\/58\/revisions"}],"predecessor-version":[{"id":209,"href":"https:\/\/www.comptes.es\/index.php\/wp-json\/wp\/v2\/pages\/58\/revisions\/209"}],"wp:attachment":[{"href":"https:\/\/www.comptes.es\/index.php\/wp-json\/wp\/v2\/media?parent=58"}],"curies":[{"name":"wp","href":"https:\/\/api.w.org\/{rel}","templated":true}]}}