{"id":2,"date":"2025-12-18T19:41:36","date_gmt":"2025-12-18T19:41:36","guid":{"rendered":"https:\/\/www.comptes.es\/?page_id=2"},"modified":"2026-01-07T08:06:07","modified_gmt":"2026-01-07T08:06:07","slug":"contabilidad","status":"publish","type":"page","link":"https:\/\/www.comptes.es\/index.php\/contabilidad\/","title":{"rendered":"Contabilidad"},"content":{"rendered":"\n<p><\/p>\n\n\n\n<p>Nos encargamos de llevar al d\u00eda las contabilidades de su negocio para que en todo momento pueda tener constancia de la situaci\u00f3n contable de su empresa. <\/p>\n\n\n\n<p>Tambi\u00e9n elaboramos los libros oficiales y las Cuentas Anuales para ser presentados en el Registro Mercantil.<\/p>\n","protected":false},"excerpt":{"rendered":"<p>Nos encargamos de llevar al d\u00eda las contabilidades de su negocio para que en todo momento pueda tener constancia de la situaci\u00f3n contable de su empresa. Tambi\u00e9n elaboramos los libros oficiales y las Cuentas Anuales para ser presentados en el Registro Mercantil.<\/p>\n","protected":false},"author":1,"featured_media":0,"parent":0,"menu_order":0,"comment_status":"closed","ping_status":"closed","template":"","meta":{"footnotes":""},"class_list":["post-2","page","type-page","status-publish","hentry"],"_links":{"self":[{"href":"https:\/\/www.comptes.es\/index.php\/wp-json\/wp\/v2\/pages\/2","targetHints":{"allow":["GET"]}}],"collection":[{"href":"https:\/\/www.comptes.es\/index.php\/wp-json\/wp\/v2\/pages"}],"about":[{"href":"https:\/\/www.comptes.es\/index.php\/wp-json\/wp\/v2\/types\/page"}],"author":[{"embeddable":true,"href":"https:\/\/www.comptes.es\/index.php\/wp-json\/wp\/v2\/users\/1"}],"replies":[{"embeddable":true,"href":"https:\/\/www.comptes.es\/index.php\/wp-json\/wp\/v2\/comments?post=2"}],"version-history":[{"count":2,"href":"https:\/\/www.comptes.es\/index.php\/wp-json\/wp\/v2\/pages\/2\/revisions"}],"predecessor-version":[{"id":90,"href":"https:\/\/www.comptes.es\/index.php\/wp-json\/wp\/v2\/pages\/2\/revisions\/90"}],"wp:attachment":[{"href":"https:\/\/www.comptes.es\/index.php\/wp-json\/wp\/v2\/media?parent=2"}],"curies":[{"name":"wp","href":"https:\/\/api.w.org\/{rel}","templated":true}]}}