{"id":158,"date":"2026-01-07T20:27:21","date_gmt":"2026-01-07T20:27:21","guid":{"rendered":"https:\/\/www.comptes.es\/?page_id=158"},"modified":"2026-01-07T20:28:01","modified_gmt":"2026-01-07T20:28:01","slug":"laboral-2","status":"publish","type":"page","link":"https:\/\/www.comptes.es\/index.php\/laboral-2\/","title":{"rendered":"Laboral"},"content":{"rendered":"\n<p>En la parte laboral nos encargamos de todos los tr\u00e1mites que les son necesarios para cumplir con las obligaciones con sus trabajadores y, por ende, con la Seguridad Social.<\/p>\n\n\n\n<p>La&nbsp;<strong>asesor\u00eda laboral<\/strong>&nbsp;es un servicio cuyo objetivo es garantizar que tanto&nbsp;<strong>empresas como aut\u00f3nomos<\/strong>&nbsp;cumplan de forma eficiente con todas sus obligaciones&nbsp;<strong>laborales<\/strong>, adapt\u00e1ndose a la normativa vigente en Espa\u00f1a.<\/p>\n\n\n\n<p>Se trata de un&nbsp;<strong>asesoramiento integral<\/strong>&nbsp;que analiza en profundidad la situaci\u00f3n inicial del cliente y, a trav\u00e9s del estudio de la&nbsp;<strong>legislaci\u00f3n, contratos, convenios colectivos y dem\u00e1s<\/strong>&nbsp;normativas, ofrece soluciones pr\u00e1cticas y personalizadas.<\/p>\n\n\n\n<p>Desde la elaboraci\u00f3n de contratos, pr\u00f3rrogas, altas y bajas, hasta la gesti\u00f3n de\u00a0<strong>n\u00f3minas<\/strong>, liquidaciones, representaci\u00f3n ante la\u00a0<strong>Inspecci\u00f3n de Trabajo<\/strong>\u00a0y el <strong>S.M.A.C,<\/strong> pasando por la tramitaci\u00f3n de permisos de inmigraci\u00f3n y trabajo, y la aplicaci\u00f3n de bonificaciones y deducciones\u00a0<strong>laborales<\/strong>, este servicio se encarga de cada detalle.<\/p>\n\n\n\n<p>M\u00e1s de 30 a\u00f1os de experiencia ayudando a todos nuestros clientes a alcanzar sus prop\u00f3sitos y resolver sus problemas<strong>, esta \u00e1rea desarrolla la gesti\u00f3n competente del recurso y capital humano de su empresa.<\/strong><\/p>\n","protected":false},"excerpt":{"rendered":"<p>En la parte laboral nos encargamos de todos los tr\u00e1mites que les son necesarios para cumplir con las obligaciones con sus trabajadores y, por ende, con la Seguridad Social. La&nbsp;asesor\u00eda laboral&nbsp;es un servicio cuyo objetivo es garantizar que tanto&nbsp;empresas como aut\u00f3nomos&nbsp;cumplan de forma eficiente con todas sus obligaciones&nbsp;laborales, adapt\u00e1ndose a la normativa vigente en Espa\u00f1a. [&hellip;]<\/p>\n","protected":false},"author":1,"featured_media":0,"parent":0,"menu_order":0,"comment_status":"closed","ping_status":"closed","template":"","meta":{"footnotes":""},"class_list":["post-158","page","type-page","status-publish","hentry"],"_links":{"self":[{"href":"https:\/\/www.comptes.es\/index.php\/wp-json\/wp\/v2\/pages\/158","targetHints":{"allow":["GET"]}}],"collection":[{"href":"https:\/\/www.comptes.es\/index.php\/wp-json\/wp\/v2\/pages"}],"about":[{"href":"https:\/\/www.comptes.es\/index.php\/wp-json\/wp\/v2\/types\/page"}],"author":[{"embeddable":true,"href":"https:\/\/www.comptes.es\/index.php\/wp-json\/wp\/v2\/users\/1"}],"replies":[{"embeddable":true,"href":"https:\/\/www.comptes.es\/index.php\/wp-json\/wp\/v2\/comments?post=158"}],"version-history":[{"count":2,"href":"https:\/\/www.comptes.es\/index.php\/wp-json\/wp\/v2\/pages\/158\/revisions"}],"predecessor-version":[{"id":160,"href":"https:\/\/www.comptes.es\/index.php\/wp-json\/wp\/v2\/pages\/158\/revisions\/160"}],"wp:attachment":[{"href":"https:\/\/www.comptes.es\/index.php\/wp-json\/wp\/v2\/media?parent=158"}],"curies":[{"name":"wp","href":"https:\/\/api.w.org\/{rel}","templated":true}]}}